{"id":5167,"date":"2019-01-31T13:38:22","date_gmt":"2019-01-31T10:38:22","guid":{"rendered":"http:\/\/craftteknik.com\/referanslar\/"},"modified":"2022-08-04T13:47:21","modified_gmt":"2022-08-04T10:47:21","slug":"references","status":"publish","type":"page","link":"https:\/\/craftteknik.com\/en\/references\/","title":{"rendered":"References"},"content":{"rendered":"<p>[vc_row rt_row_background_width=&#8221;fullwidth&#8221; rt_row_content_width=&#8221;default&#8221; rt_row_style=&#8221;default-style&#8221; rt_row_height=&#8221;&#8221; rt_column_placement=&#8221;middle&#8221; rt_column_view=&#8221;grid&#8221; rt_column_gaps=&#8221;&#8221; rt_row_shadows=&#8221;&#8221; rt_row_borders=&#8221;&#8221; rt_bg_effect=&#8221;classic&#8221; rt_bg_image_repeat=&#8221;repeat&#8221; rt_bg_size=&#8221;cover&#8221; rt_bg_position=&#8221;right top&#8221; rt_bg_attachment=&#8221;scroll&#8221; rt_bg_layer=&#8221;&#8221; rt_bg_video_format=&#8221;self-hosted&#8221; rt_class=&#8221;rt-2739849&#8243; rt_paddings=&#8221;,,,&#8221; rt_margins=&#8221;,,,&#8221; rt_content_margins=&#8221;,,,&#8221; rt_tablet_paddings=&#8221;,,,&#8221; rt_tablet_margins=&#8221;,,,&#8221; rt_tablet_content_margins=&#8221;,,,&#8221; rt_sp_paddings=&#8221;,,,&#8221; rt_sp_margins=&#8221;,,,&#8221; rt_sp_content_margins=&#8221;,,,&#8221;][vc_column width=&#8221;1\/3&#8243; rt_bg_effect=&#8221;classic&#8221; rt_bg_image_repeat=&#8221;repeat&#8221; rt_bg_size=&#8221;auto auto&#8221; rt_bg_position=&#8221;right top&#8221; rt_bg_attachment=&#8221;scroll&#8221;][vc_column_text]\t \n\t\t<div  class=\"bullet-list style-1  arrow\">\n\t\t<ul>\n<li>Kupa Cam Balkon Sistemleri<\/li>\n<li>Cimuka Kulu\u00e7ka Makinalar\u0131<\/li>\n<li>Sukasi Rayl\u0131 Sistemler<\/li>\n<li>Jandarma Genel Komutanl\u0131\u011f\u0131<\/li>\n<li>Suno Medikal M\u00fchendislik<\/li>\n<li>Dolsan<\/li>\n<li>Metko Medikal<\/li>\n<li>Reda Medikal<\/li>\n<li>Teknik Grup Savunma<\/li>\n<\/ul>\n\n\t\t<\/div>\n\t[\/vc_column_text][\/vc_column][vc_column width=&#8221;1\/3&#8243; rt_bg_effect=&#8221;classic&#8221; rt_bg_image_repeat=&#8221;repeat&#8221; rt_bg_size=&#8221;auto auto&#8221; rt_bg_position=&#8221;right top&#8221; rt_bg_attachment=&#8221;scroll&#8221;][vc_column_text]\t \n\t\t<div  class=\"bullet-list style-1  arrow\">\n\t\t<ul>\n<li>Ta\u015f\u00e7\u0131 Makina<\/li>\n<li>Galipler Cam Balkon<\/li>\n<li>Pidosan<\/li>\n<li>Tombak Kau\u00e7uk<\/li>\n<li>Emin \u0130pek Kau\u00e7uk<\/li>\n<li>Seyir Savunma<\/li>\n<li>Noven Enerji<\/li>\n<li>Pantek Otomasyon<\/li>\n<li>\u00d6zpolat Perde<\/li>\n<\/ul>\n\n\t\t<\/div>\n\t[\/vc_column_text][\/vc_column][vc_column width=&#8221;1\/3&#8243; rt_bg_effect=&#8221;classic&#8221; rt_bg_image_repeat=&#8221;repeat&#8221; rt_bg_size=&#8221;auto auto&#8221; rt_bg_position=&#8221;right top&#8221; rt_bg_attachment=&#8221;scroll&#8221;]\r\n\t\t\t\t<div id=\"image-carousel-723425\" class=\"rt-carousel carousel-holder clearfix rt-image-carousel  boxed-carousel rt_lightbox_gallery\" data-item-width=\"1\" data-nav=\"true\" data-dots=\"false\" data-margin=\"0\" data-autoplay=\"true\" data-timeout=\"1500\" data-thumbnails=\"false\" data-boxed=\"true\" data-min-height=\"\" data-padding=\"0\" data-loop=\"true\" data-tablet-item-width=\"1\" data-mobile-item-width=\"1\">\r\n\t\t\t\t\t<div class=\"owl-carousel\">\r\n\t\t\t\t\t\t<div class=\"boxed\"><img loading=\"lazy\" decoding=\"async\" src=\"https:\/\/craftteknik.com\/wp-content\/uploads\/2019\/01\/jandarma-genel-komutanligi-logo-A88E2A480D-seeklogo.com_.png\" width=\"250\" height=\"250\" alt=\"\" srcset=\"https:\/\/craftteknik.com\/wp-content\/uploads\/2019\/01\/jandarma-genel-komutanligi-logo-A88E2A480D-seeklogo.com_.png 250w, https:\/\/craftteknik.com\/wp-content\/uploads\/2019\/01\/jandarma-genel-komutanligi-logo-A88E2A480D-seeklogo.com_-150x150.png 150w, https:\/\/craftteknik.com\/wp-content\/uploads\/2019\/01\/jandarma-genel-komutanligi-logo-A88E2A480D-seeklogo.com_-125x125.png 125w\" sizes=\"auto, https:\/\/craftteknik.com\/wp-content\/uploads\/2019\/01\/jandarma-genel-komutanligi-logo-A88E2A480D-seeklogo.com_.png 250w, https:\/\/craftteknik.com\/wp-content\/uploads\/2019\/01\/jandarma-genel-komutanligi-logo-A88E2A480D-seeklogo.com_-150x150.png 150w, https:\/\/craftteknik.com\/wp-content\/uploads\/2019\/01\/jandarma-genel-komutanligi-logo-A88E2A480D-seeklogo.com_-125x125.png 125w\"><\/div><div class=\"boxed\"><img loading=\"lazy\" decoding=\"async\" src=\"https:\/\/craftteknik.com\/wp-content\/uploads\/2019\/01\/pidosan.png\" width=\"250\" height=\"250\" alt=\"\" srcset=\"https:\/\/craftteknik.com\/wp-content\/uploads\/2019\/01\/pidosan.png 250w, https:\/\/craftteknik.com\/wp-content\/uploads\/2019\/01\/pidosan-150x150.png 150w, https:\/\/craftteknik.com\/wp-content\/uploads\/2019\/01\/pidosan-125x125.png 125w\" sizes=\"auto, https:\/\/craftteknik.com\/wp-content\/uploads\/2019\/01\/pidosan.png 250w, https:\/\/craftteknik.com\/wp-content\/uploads\/2019\/01\/pidosan-150x150.png 150w, https:\/\/craftteknik.com\/wp-content\/uploads\/2019\/01\/pidosan-125x125.png 125w\"><\/div><div class=\"boxed\"><img loading=\"lazy\" decoding=\"async\" src=\"https:\/\/craftteknik.com\/wp-content\/uploads\/2019\/01\/Kupa-Logo-300.png\" width=\"250\" height=\"250\" alt=\"\" srcset=\"https:\/\/craftteknik.com\/wp-content\/uploads\/2019\/01\/Kupa-Logo-300.png 250w, https:\/\/craftteknik.com\/wp-content\/uploads\/2019\/01\/Kupa-Logo-300-150x150.png 150w, https:\/\/craftteknik.com\/wp-content\/uploads\/2019\/01\/Kupa-Logo-300-125x125.png 125w\" sizes=\"auto, https:\/\/craftteknik.com\/wp-content\/uploads\/2019\/01\/Kupa-Logo-300.png 250w, https:\/\/craftteknik.com\/wp-content\/uploads\/2019\/01\/Kupa-Logo-300-150x150.png 150w, https:\/\/craftteknik.com\/wp-content\/uploads\/2019\/01\/Kupa-Logo-300-125x125.png 125w\"><\/div><div class=\"boxed\"><img loading=\"lazy\" decoding=\"async\" src=\"https:\/\/craftteknik.com\/wp-content\/uploads\/2019\/01\/seyir-savunma.png\" width=\"250\" height=\"250\" alt=\"\" srcset=\"https:\/\/craftteknik.com\/wp-content\/uploads\/2019\/01\/seyir-savunma.png 250w, https:\/\/craftteknik.com\/wp-content\/uploads\/2019\/01\/seyir-savunma-150x150.png 150w, https:\/\/craftteknik.com\/wp-content\/uploads\/2019\/01\/seyir-savunma-125x125.png 125w\" sizes=\"auto, https:\/\/craftteknik.com\/wp-content\/uploads\/2019\/01\/seyir-savunma.png 250w, https:\/\/craftteknik.com\/wp-content\/uploads\/2019\/01\/seyir-savunma-150x150.png 150w, https:\/\/craftteknik.com\/wp-content\/uploads\/2019\/01\/seyir-savunma-125x125.png 125w\"><\/div><div class=\"boxed\"><img loading=\"lazy\" decoding=\"async\" src=\"https:\/\/craftteknik.com\/wp-content\/uploads\/2019\/01\/logo-suno-web.png\" width=\"250\" height=\"250\" alt=\"\" srcset=\"https:\/\/craftteknik.com\/wp-content\/uploads\/2019\/01\/logo-suno-web.png 250w, https:\/\/craftteknik.com\/wp-content\/uploads\/2019\/01\/logo-suno-web-150x150.png 150w, https:\/\/craftteknik.com\/wp-content\/uploads\/2019\/01\/logo-suno-web-125x125.png 125w\" sizes=\"auto, https:\/\/craftteknik.com\/wp-content\/uploads\/2019\/01\/logo-suno-web.png 250w, https:\/\/craftteknik.com\/wp-content\/uploads\/2019\/01\/logo-suno-web-150x150.png 150w, https:\/\/craftteknik.com\/wp-content\/uploads\/2019\/01\/logo-suno-web-125x125.png 125w\"><\/div><div class=\"boxed\"><img loading=\"lazy\" decoding=\"async\" src=\"https:\/\/craftteknik.com\/wp-content\/uploads\/2019\/01\/pantek-robotics.png\" width=\"250\" height=\"250\" alt=\"\" srcset=\"https:\/\/craftteknik.com\/wp-content\/uploads\/2019\/01\/pantek-robotics.png 250w, https:\/\/craftteknik.com\/wp-content\/uploads\/2019\/01\/pantek-robotics-150x150.png 150w, https:\/\/craftteknik.com\/wp-content\/uploads\/2019\/01\/pantek-robotics-125x125.png 125w\" sizes=\"auto, https:\/\/craftteknik.com\/wp-content\/uploads\/2019\/01\/pantek-robotics.png 250w, https:\/\/craftteknik.com\/wp-content\/uploads\/2019\/01\/pantek-robotics-150x150.png 150w, https:\/\/craftteknik.com\/wp-content\/uploads\/2019\/01\/pantek-robotics-125x125.png 125w\"><\/div><div class=\"boxed\"><img loading=\"lazy\" decoding=\"async\" src=\"https:\/\/craftteknik.com\/wp-content\/uploads\/2019\/01\/noven_logo.forwebTop.png\" width=\"250\" height=\"250\" alt=\"\" srcset=\"https:\/\/craftteknik.com\/wp-content\/uploads\/2019\/01\/noven_logo.forwebTop.png 250w, https:\/\/craftteknik.com\/wp-content\/uploads\/2019\/01\/noven_logo.forwebTop-150x150.png 150w, https:\/\/craftteknik.com\/wp-content\/uploads\/2019\/01\/noven_logo.forwebTop-125x125.png 125w\" sizes=\"auto, https:\/\/craftteknik.com\/wp-content\/uploads\/2019\/01\/noven_logo.forwebTop.png 250w, https:\/\/craftteknik.com\/wp-content\/uploads\/2019\/01\/noven_logo.forwebTop-150x150.png 150w, https:\/\/craftteknik.com\/wp-content\/uploads\/2019\/01\/noven_logo.forwebTop-125x125.png 125w\"><\/div><div class=\"boxed\"><img loading=\"lazy\" decoding=\"async\" src=\"https:\/\/craftteknik.com\/wp-content\/uploads\/2019\/01\/reda.png\" width=\"250\" height=\"250\" alt=\"\" srcset=\"https:\/\/craftteknik.com\/wp-content\/uploads\/2019\/01\/reda.png 250w, https:\/\/craftteknik.com\/wp-content\/uploads\/2019\/01\/reda-150x150.png 150w, https:\/\/craftteknik.com\/wp-content\/uploads\/2019\/01\/reda-125x125.png 125w\" sizes=\"auto, https:\/\/craftteknik.com\/wp-content\/uploads\/2019\/01\/reda.png 250w, https:\/\/craftteknik.com\/wp-content\/uploads\/2019\/01\/reda-150x150.png 150w, https:\/\/craftteknik.com\/wp-content\/uploads\/2019\/01\/reda-125x125.png 125w\"><\/div><div class=\"boxed\"><img loading=\"lazy\" decoding=\"async\" src=\"https:\/\/craftteknik.com\/wp-content\/uploads\/2019\/01\/metko.png\" width=\"250\" height=\"250\" alt=\"\" srcset=\"https:\/\/craftteknik.com\/wp-content\/uploads\/2019\/01\/metko.png 250w, https:\/\/craftteknik.com\/wp-content\/uploads\/2019\/01\/metko-150x150.png 150w, https:\/\/craftteknik.com\/wp-content\/uploads\/2019\/01\/metko-125x125.png 125w\" sizes=\"auto, https:\/\/craftteknik.com\/wp-content\/uploads\/2019\/01\/metko.png 250w, https:\/\/craftteknik.com\/wp-content\/uploads\/2019\/01\/metko-150x150.png 150w, https:\/\/craftteknik.com\/wp-content\/uploads\/2019\/01\/metko-125x125.png 125w\"><\/div><div class=\"boxed\"><img loading=\"lazy\" decoding=\"async\" src=\"https:\/\/craftteknik.com\/wp-content\/uploads\/2019\/01\/teknik-grup-savunma.jpg\" width=\"250\" height=\"250\" alt=\"\" srcset=\"https:\/\/craftteknik.com\/wp-content\/uploads\/2019\/01\/teknik-grup-savunma.jpg 250w, https:\/\/craftteknik.com\/wp-content\/uploads\/2019\/01\/teknik-grup-savunma-150x150.jpg 150w, https:\/\/craftteknik.com\/wp-content\/uploads\/2019\/01\/teknik-grup-savunma-125x125.jpg 125w\" sizes=\"auto, https:\/\/craftteknik.com\/wp-content\/uploads\/2019\/01\/teknik-grup-savunma.jpg 250w, https:\/\/craftteknik.com\/wp-content\/uploads\/2019\/01\/teknik-grup-savunma-150x150.jpg 150w, https:\/\/craftteknik.com\/wp-content\/uploads\/2019\/01\/teknik-grup-savunma-125x125.jpg 125w\"><\/div><div class=\"boxed\"><img loading=\"lazy\" decoding=\"async\" src=\"https:\/\/craftteknik.com\/wp-content\/uploads\/2019\/01\/emin-ipek-kaucuk.jpg\" width=\"250\" height=\"250\" alt=\"\" srcset=\"https:\/\/craftteknik.com\/wp-content\/uploads\/2019\/01\/emin-ipek-kaucuk.jpg 250w, https:\/\/craftteknik.com\/wp-content\/uploads\/2019\/01\/emin-ipek-kaucuk-150x150.jpg 150w, https:\/\/craftteknik.com\/wp-content\/uploads\/2019\/01\/emin-ipek-kaucuk-125x125.jpg 125w\" sizes=\"auto, https:\/\/craftteknik.com\/wp-content\/uploads\/2019\/01\/emin-ipek-kaucuk.jpg 250w, https:\/\/craftteknik.com\/wp-content\/uploads\/2019\/01\/emin-ipek-kaucuk-150x150.jpg 150w, https:\/\/craftteknik.com\/wp-content\/uploads\/2019\/01\/emin-ipek-kaucuk-125x125.jpg 125w\"><\/div><div class=\"boxed\"><img loading=\"lazy\" decoding=\"async\" src=\"https:\/\/craftteknik.com\/wp-content\/uploads\/2019\/01\/cimuka-logo.png\" width=\"250\" height=\"250\" alt=\"\" srcset=\"https:\/\/craftteknik.com\/wp-content\/uploads\/2019\/01\/cimuka-logo.png 250w, https:\/\/craftteknik.com\/wp-content\/uploads\/2019\/01\/cimuka-logo-150x150.png 150w, https:\/\/craftteknik.com\/wp-content\/uploads\/2019\/01\/cimuka-logo-125x125.png 125w\" sizes=\"auto, https:\/\/craftteknik.com\/wp-content\/uploads\/2019\/01\/cimuka-logo.png 250w, https:\/\/craftteknik.com\/wp-content\/uploads\/2019\/01\/cimuka-logo-150x150.png 150w, https:\/\/craftteknik.com\/wp-content\/uploads\/2019\/01\/cimuka-logo-125x125.png 125w\"><\/div><div class=\"boxed\"><img loading=\"lazy\" decoding=\"async\" src=\"https:\/\/craftteknik.com\/wp-content\/uploads\/2019\/01\/dolsan.jpg\" width=\"250\" height=\"250\" alt=\"\" srcset=\"https:\/\/craftteknik.com\/wp-content\/uploads\/2019\/01\/dolsan.jpg 250w, https:\/\/craftteknik.com\/wp-content\/uploads\/2019\/01\/dolsan-150x150.jpg 150w, https:\/\/craftteknik.com\/wp-content\/uploads\/2019\/01\/dolsan-125x125.jpg 125w\" sizes=\"auto, https:\/\/craftteknik.com\/wp-content\/uploads\/2019\/01\/dolsan.jpg 250w, https:\/\/craftteknik.com\/wp-content\/uploads\/2019\/01\/dolsan-150x150.jpg 150w, https:\/\/craftteknik.com\/wp-content\/uploads\/2019\/01\/dolsan-125x125.jpg 125w\"><\/div><div class=\"boxed\"><img loading=\"lazy\" decoding=\"async\" src=\"https:\/\/craftteknik.com\/wp-content\/uploads\/2019\/01\/tasci-makina.png\" width=\"250\" height=\"250\" alt=\"\" srcset=\"https:\/\/craftteknik.com\/wp-content\/uploads\/2019\/01\/tasci-makina.png 250w, https:\/\/craftteknik.com\/wp-content\/uploads\/2019\/01\/tasci-makina-150x150.png 150w, https:\/\/craftteknik.com\/wp-content\/uploads\/2019\/01\/tasci-makina-125x125.png 125w\" sizes=\"auto, https:\/\/craftteknik.com\/wp-content\/uploads\/2019\/01\/tasci-makina.png 250w, https:\/\/craftteknik.com\/wp-content\/uploads\/2019\/01\/tasci-makina-150x150.png 150w, https:\/\/craftteknik.com\/wp-content\/uploads\/2019\/01\/tasci-makina-125x125.png 125w\"><\/div><div class=\"boxed\"><img loading=\"lazy\" decoding=\"async\" src=\"https:\/\/craftteknik.com\/wp-content\/uploads\/2019\/01\/Tombak-Logo.png\" width=\"250\" height=\"250\" alt=\"\" srcset=\"https:\/\/craftteknik.com\/wp-content\/uploads\/2019\/01\/Tombak-Logo.png 250w, https:\/\/craftteknik.com\/wp-content\/uploads\/2019\/01\/Tombak-Logo-150x150.png 150w, https:\/\/craftteknik.com\/wp-content\/uploads\/2019\/01\/Tombak-Logo-125x125.png 125w\" sizes=\"auto, https:\/\/craftteknik.com\/wp-content\/uploads\/2019\/01\/Tombak-Logo.png 250w, https:\/\/craftteknik.com\/wp-content\/uploads\/2019\/01\/Tombak-Logo-150x150.png 150w, https:\/\/craftteknik.com\/wp-content\/uploads\/2019\/01\/Tombak-Logo-125x125.png 125w\"><\/div><div class=\"boxed\"><img loading=\"lazy\" decoding=\"async\" src=\"https:\/\/craftteknik.com\/wp-content\/uploads\/2019\/01\/sukasi-logo.png\" width=\"250\" height=\"250\" alt=\"\" srcset=\"https:\/\/craftteknik.com\/wp-content\/uploads\/2019\/01\/sukasi-logo.png 250w, https:\/\/craftteknik.com\/wp-content\/uploads\/2019\/01\/sukasi-logo-150x150.png 150w, https:\/\/craftteknik.com\/wp-content\/uploads\/2019\/01\/sukasi-logo-125x125.png 125w\" sizes=\"auto, https:\/\/craftteknik.com\/wp-content\/uploads\/2019\/01\/sukasi-logo.png 250w, https:\/\/craftteknik.com\/wp-content\/uploads\/2019\/01\/sukasi-logo-150x150.png 150w, https:\/\/craftteknik.com\/wp-content\/uploads\/2019\/01\/sukasi-logo-125x125.png 125w\"><\/div>\r\n\t\t\t\t\t<\/div>\r\n\t\t\t\t\t\r\n\t\t\t\t\t\r\n\t\t\t\t<\/div>\r\n\t\t\t[\/vc_column][\/vc_row]<\/p>\n","protected":false},"excerpt":{"rendered":"<p>[vc_row rt_row_background_width=&#8221;fullwidth&#8221; rt_row_content_width=&#8221;default&#8221; rt_row_style=&#8221;default-style&#8221; rt_row_height=&#8221;&#8221; rt_column_placement=&#8221;middle&#8221; rt_column_view=&#8221;grid&#8221; rt_column_gaps=&#8221;&#8221; rt_row_shadows=&#8221;&#8221; rt_row_borders=&#8221;&#8221; rt_bg_effect=&#8221;classic&#8221; rt_bg_image_repeat=&#8221;repeat&#8221; rt_bg_size=&#8221;cover&#8221; rt_bg_position=&#8221;right top&#8221; rt_bg_attachment=&#8221;scroll&#8221; rt_bg_layer=&#8221;&#8221; rt_bg_video_format=&#8221;self-hosted&#8221; rt_class=&#8221;rt-2739849&#8243; rt_paddings=&#8221;,,,&#8221; rt_margins=&#8221;,,,&#8221; rt_content_margins=&#8221;,,,&#8221; rt_tablet_paddings=&#8221;,,,&#8221; rt_tablet_margins=&#8221;,,,&#8221; rt_tablet_content_margins=&#8221;,,,&#8221; rt_sp_paddings=&#8221;,,,&#8221; rt_sp_margins=&#8221;,,,&#8221; rt_sp_content_margins=&#8221;,,,&#8221;][vc_column width=&#8221;1\/3&#8243; rt_bg_effect=&#8221;classic&#8221; rt_bg_image_repeat=&#8221;repeat&#8221; rt_bg_size=&#8221;auto auto&#8221; rt_bg_position=&#8221;right top&#8221; rt_bg_attachment=&#8221;scroll&#8221;][vc_column_text][\/vc_column_text][\/vc_column][vc_column width=&#8221;1\/3&#8243; rt_bg_effect=&#8221;classic&#8221; rt_bg_image_repeat=&#8221;repeat&#8221; rt_bg_size=&#8221;auto auto&#8221; rt_bg_position=&#8221;right top&#8221; rt_bg_attachment=&#8221;scroll&#8221;][vc_column_text][\/vc_column_text][\/vc_column][vc_column width=&#8221;1\/3&#8243; rt_bg_effect=&#8221;classic&#8221; rt_bg_image_repeat=&#8221;repeat&#8221; rt_bg_size=&#8221;auto auto&#8221; rt_bg_position=&#8221;right top&#8221; rt_bg_attachment=&#8221;scroll&#8221;][\/vc_column][\/vc_row]<\/p>\n","protected":false},"author":1,"featured_media":0,"parent":0,"menu_order":0,"comment_status":"closed","ping_status":"closed","template":"","meta":{"footnotes":""},"class_list":["post-5167","page","type-page","status-publish","hentry"],"aioseo_notices":[],"_links":{"self":[{"href":"https:\/\/craftteknik.com\/en\/wp-json\/wp\/v2\/pages\/5167","targetHints":{"allow":["GET"]}}],"collection":[{"href":"https:\/\/craftteknik.com\/en\/wp-json\/wp\/v2\/pages"}],"about":[{"href":"https:\/\/craftteknik.com\/en\/wp-json\/wp\/v2\/types\/page"}],"author":[{"embeddable":true,"href":"https:\/\/craftteknik.com\/en\/wp-json\/wp\/v2\/users\/1"}],"replies":[{"embeddable":true,"href":"https:\/\/craftteknik.com\/en\/wp-json\/wp\/v2\/comments?post=5167"}],"version-history":[{"count":1,"href":"https:\/\/craftteknik.com\/en\/wp-json\/wp\/v2\/pages\/5167\/revisions"}],"predecessor-version":[{"id":5168,"href":"https:\/\/craftteknik.com\/en\/wp-json\/wp\/v2\/pages\/5167\/revisions\/5168"}],"wp:attachment":[{"href":"https:\/\/craftteknik.com\/en\/wp-json\/wp\/v2\/media?parent=5167"}],"curies":[{"name":"wp","href":"https:\/\/api.w.org\/{rel}","templated":true}]}}